{"id":2349,"date":"2026-03-04T14:47:32","date_gmt":"2026-03-04T13:47:32","guid":{"rendered":"https:\/\/graciana.store\/?post_type=product&#038;p=2349"},"modified":"2026-03-05T19:20:32","modified_gmt":"2026-03-05T18:20:32","slug":"mocasines-azules-mujer","status":"publish","type":"product","link":"https:\/\/graciana.store\/en\/shop\/mocasines-azules-mujer\/","title":{"rendered":"Nix"},"content":{"rendered":"<h2 data-start=\"1280\" data-end=\"1318\">Mocasines Azules para Mujer<\/h2>\n<p data-start=\"1320\" data-end=\"1580\">Los mocasines azules mujer Nix\u00a0combinan elegancia moderna con una comodidad excepcional. Dise\u00f1ados para mujeres que buscan un estilo sofisticado y vers\u00e1til, estos mocasines destacan por su acabado en ante suave y su dise\u00f1o minimalista.<\/p>\n<p data-start=\"1582\" data-end=\"1807\">Su color azul claro aporta un toque fresco y elegante que se adapta f\u00e1cilmente a looks casuales o m\u00e1s refinados. Gracias a su dise\u00f1o atemporal, estos mocasines son ideales para el d\u00eda a d\u00eda, el trabajo o ocasiones especiales.<\/p>\n<p data-start=\"1809\" data-end=\"1955\">Fabricados con materiales de alta calidad, ofrecen una pisada ligera y c\u00f3moda que permite utilizarlos durante todo el d\u00eda sin renunciar al estilo.<\/p>\n<h2 data-start=\"1962\" data-end=\"1993\">Caracter\u00edsticas del Producto<\/h2>\n<ul data-start=\"1995\" data-end=\"2181\">\n<li data-start=\"1995\" data-end=\"2039\">\n<p data-start=\"1997\" data-end=\"2039\">Exterior de <strong data-start=\"2009\" data-end=\"2039\">piel vuelta (ante) premium<\/strong><\/p>\n<\/li>\n<li data-start=\"2040\" data-end=\"2089\">\n<p data-start=\"2042\" data-end=\"2089\">Interior de <strong data-start=\"2054\" data-end=\"2089\">piel natural para mayor confort<\/strong><\/p>\n<\/li>\n<li data-start=\"2090\" data-end=\"2121\">\n<p data-start=\"2092\" data-end=\"2121\">Dise\u00f1o elegante y minimalista<\/p>\n<\/li>\n<li data-start=\"2122\" data-end=\"2147\">\n<p data-start=\"2124\" data-end=\"2147\">Suela ligera y flexible<\/p>\n<\/li>\n<li data-start=\"2148\" data-end=\"2181\">\n<p data-start=\"2150\" data-end=\"2181\">Estilo vers\u00e1til para uso diario<\/p>\n<\/li>\n<\/ul>\n<p data-start=\"1809\" data-end=\"1955\">Nuestro <a href=\"https:\/\/graciana.store\/es\/\">web<\/a><\/p>\n<h2 data-start=\"2188\" data-end=\"2207\">Especificaciones<\/h2>\n<div class=\"TyagGW_tableContainer\">\n<div class=\"group TyagGW_tableWrapper flex flex-col-reverse w-fit\" tabindex=\"-1\">\n<table class=\"w-fit min-w-(--thread-content-width)\" data-start=\"2209\" data-end=\"2418\">\n<thead data-start=\"2209\" data-end=\"2237\">\n<tr data-start=\"2209\" data-end=\"2237\">\n<th class=\"\" data-start=\"2209\" data-end=\"2226\" data-col-size=\"sm\">Caracter\u00edstica<\/th>\n<th class=\"\" data-start=\"2226\" data-end=\"2237\" data-col-size=\"sm\">Detalle<\/th>\n<\/tr>\n<\/thead>\n<tbody data-start=\"2248\" data-end=\"2418\">\n<tr data-start=\"2248\" data-end=\"2264\">\n<td data-start=\"2248\" data-end=\"2256\" data-col-size=\"sm\">Color<\/td>\n<td data-col-size=\"sm\" data-start=\"2256\" data-end=\"2264\">Azul<\/td>\n<\/tr>\n<tr data-start=\"2265\" data-end=\"2307\">\n<td data-start=\"2265\" data-end=\"2285\" data-col-size=\"sm\">Material exterior<\/td>\n<td data-col-size=\"sm\" data-start=\"2285\" data-end=\"2307\">Piel vuelta (ante)<\/td>\n<\/tr>\n<tr data-start=\"2308\" data-end=\"2344\">\n<td data-start=\"2308\" data-end=\"2328\" data-col-size=\"sm\">Material interior<\/td>\n<td data-col-size=\"sm\" data-start=\"2328\" data-end=\"2344\">Piel natural<\/td>\n<\/tr>\n<tr data-start=\"2345\" data-end=\"2388\">\n<td data-start=\"2345\" data-end=\"2366\" data-col-size=\"sm\">Tallas disponibles<\/td>\n<td data-col-size=\"sm\" data-start=\"2366\" data-end=\"2388\">37, 38, 39, 40, 41<\/td>\n<\/tr>\n<tr data-start=\"2389\" data-end=\"2418\">\n<td data-start=\"2389\" data-end=\"2408\" data-col-size=\"sm\">Altura del tac\u00f3n<\/td>\n<td data-col-size=\"sm\" data-start=\"2408\" data-end=\"2418\">2.5 cm<\/td>\n<\/tr>\n<\/tbody>\n<\/table>\n<\/div>\n<\/div>\n","protected":false},"excerpt":{"rendered":"<p>Mocasines azules para mujer Nix elaborados con materiales premium y dise\u00f1ados para ofrecer elegancia, comodidad y estilo moderno en cualquier ocasi\u00f3n.<\/p>\n","protected":false},"featured_media":2367,"comment_status":"open","ping_status":"closed","template":"","meta":[],"product_brand":[],"product_cat":[90,18],"product_tag":[],"class_list":{"0":"post-2349","1":"product","2":"type-product","3":"status-publish","4":"has-post-thumbnail","6":"product_cat-best-seller","7":"product_cat-women","8":"pa_color-beige","9":"pa_color-blue","10":"pa_color-dark_beige","11":"pa_size-121","12":"pa_size-122","13":"pa_size-123","14":"pa_size-124","15":"pa_size-125","16":"pa_type_-loafers","18":"first","19":"instock","20":"shipping-taxable","21":"purchasable","22":"product-type-variable"},"_links":{"self":[{"href":"https:\/\/graciana.store\/en\/wp-json\/wp\/v2\/product\/2349","targetHints":{"allow":["GET"]}}],"collection":[{"href":"https:\/\/graciana.store\/en\/wp-json\/wp\/v2\/product"}],"about":[{"href":"https:\/\/graciana.store\/en\/wp-json\/wp\/v2\/types\/product"}],"replies":[{"embeddable":true,"href":"https:\/\/graciana.store\/en\/wp-json\/wp\/v2\/comments?post=2349"}],"wp:featuredmedia":[{"embeddable":true,"href":"https:\/\/graciana.store\/en\/wp-json\/wp\/v2\/media\/2367"}],"wp:attachment":[{"href":"https:\/\/graciana.store\/en\/wp-json\/wp\/v2\/media?parent=2349"}],"wp:term":[{"taxonomy":"product_brand","embeddable":true,"href":"https:\/\/graciana.store\/en\/wp-json\/wp\/v2\/product_brand?post=2349"},{"taxonomy":"product_cat","embeddable":true,"href":"https:\/\/graciana.store\/en\/wp-json\/wp\/v2\/product_cat?post=2349"},{"taxonomy":"product_tag","embeddable":true,"href":"https:\/\/graciana.store\/en\/wp-json\/wp\/v2\/product_tag?post=2349"}],"curies":[{"name":"wp","href":"https:\/\/api.w.org\/{rel}","templated":true}]}}