{"id":2414,"date":"2026-03-04T16:22:53","date_gmt":"2026-03-04T15:22:53","guid":{"rendered":"https:\/\/graciana.store\/?post_type=product&#038;p=2414"},"modified":"2026-03-04T16:25:42","modified_gmt":"2026-03-04T15:25:42","slug":"bailarinas-marron-mujer-cesena","status":"publish","type":"product","link":"https:\/\/graciana.store\/en\/shop\/bailarinas-marron-mujer-cesena\/","title":{"rendered":"Cesena"},"content":{"rendered":"<h2 data-start=\"1565\" data-end=\"1598\">Bailarinas Marr\u00f3n Mujer Cesena<\/h2>\n<p data-start=\"1600\" data-end=\"1858\">Las <strong data-start=\"1604\" data-end=\"1655\">bailarinas marr\u00f3n Cesena para mujer de Graciana<\/strong> combinan elegancia moderna con un dise\u00f1o minimalista inspirado en el estilo cl\u00e1sico <strong data-start=\"1740\" data-end=\"1753\">Mary Jane<\/strong>. Su acabado en piel suave y su cierre con hebilla aportan un toque sofisticado que eleva cualquier look.<\/p>\n<p data-start=\"1860\" data-end=\"2013\">El color marr\u00f3n a\u00f1ade una est\u00e9tica c\u00e1lida y elegante que combina f\u00e1cilmente con diferentes estilos, desde outfits casuales hasta conjuntos m\u00e1s refinados.<\/p>\n<p data-start=\"2015\" data-end=\"2135\">Gracias a su dise\u00f1o ergon\u00f3mico y su suela ligera, estas bailarinas ofrecen una comodidad excepcional para el uso <a style=\"font-size: 16px;\" href=\"https:\/\/graciana.store\/es\/shop\/\">diario<\/a><span style=\"font-size: 16px;\">.<\/span><\/p>\n<p data-start=\"2015\" data-end=\"2135\">\n<h2 data-start=\"2142\" data-end=\"2171\">Dise\u00f1o Elegante y Vers\u00e1til<\/h2>\n<p data-start=\"2173\" data-end=\"2388\">Las bailarinas Cesena est\u00e1n pensadas para mujeres que buscan un calzado c\u00f3modo sin renunciar al estilo. Su dise\u00f1o minimalista y su color marr\u00f3n atemporal las convierten en una opci\u00f3n perfecta para cualquier ocasi\u00f3n.<\/p>\n<p data-start=\"2173\" data-end=\"2388\">\n<h2 data-start=\"2395\" data-end=\"2413\">Caracter\u00edsticas<\/h2>\n<ul data-start=\"2415\" data-end=\"2559\">\n<li data-start=\"2415\" data-end=\"2449\">\n<p data-start=\"2417\" data-end=\"2449\">Dise\u00f1o <strong data-start=\"2424\" data-end=\"2449\">Mary Jane con hebilla<\/strong><\/p>\n<\/li>\n<li data-start=\"2450\" data-end=\"2481\">\n<p data-start=\"2452\" data-end=\"2481\">Estilo elegante y minimalista<\/p>\n<\/li>\n<li data-start=\"2482\" data-end=\"2507\">\n<p data-start=\"2484\" data-end=\"2507\">Suela ligera y flexible<\/p>\n<\/li>\n<li data-start=\"2508\" data-end=\"2531\">\n<p data-start=\"2510\" data-end=\"2531\">Ideal para uso diario<\/p>\n<\/li>\n<li data-start=\"2532\" data-end=\"2559\">\n<p data-start=\"2534\" data-end=\"2559\">Dise\u00f1o moderno y vers\u00e1til<\/p>\n<\/li>\n<\/ul>\n<h2 data-start=\"2520\" data-end=\"2539\"><\/h2>\n<h2 data-start=\"2520\" data-end=\"2539\">Especificaciones<\/h2>\n<ul>\n<li data-start=\"2541\" data-end=\"2690\">Color: Marr\u00f3n<\/li>\n<li data-start=\"2541\" data-end=\"2690\">Material exterior: Piel natural<\/li>\n<li data-start=\"2541\" data-end=\"2690\">Material interior: Piel natural<\/li>\n<li data-start=\"2541\" data-end=\"2690\">Tallas disponibles: 37, 38, 39, 40, 41<\/li>\n<li data-start=\"2541\" data-end=\"2690\">Altura del tac\u00f3n: 1\u20132 cm<\/li>\n<\/ul>\n","protected":false},"excerpt":{"rendered":"<p>Las bailarinas marr\u00f3n Cesena combinan elegancia minimalista y comodidad. Su dise\u00f1o Mary Jane con hebilla y acabado en piel premium las convierte en el calzado perfecto para un estilo moderno y sofisticado.<\/p>\n","protected":false},"featured_media":2413,"comment_status":"open","ping_status":"closed","template":"","meta":[],"product_brand":[],"product_cat":[18,19],"product_tag":[],"class_list":{"0":"post-2414","1":"product","2":"type-product","3":"status-publish","4":"has-post-thumbnail","6":"product_cat-women","7":"product_cat-new_arrivals","8":"pa_color-brown","9":"pa_color-white","10":"pa_size-120","11":"pa_size-121","12":"pa_size-122","13":"pa_size-123","14":"pa_size-124","15":"pa_type_-sandals","17":"first","18":"instock","19":"shipping-taxable","20":"purchasable","21":"product-type-variable"},"_links":{"self":[{"href":"https:\/\/graciana.store\/en\/wp-json\/wp\/v2\/product\/2414","targetHints":{"allow":["GET"]}}],"collection":[{"href":"https:\/\/graciana.store\/en\/wp-json\/wp\/v2\/product"}],"about":[{"href":"https:\/\/graciana.store\/en\/wp-json\/wp\/v2\/types\/product"}],"replies":[{"embeddable":true,"href":"https:\/\/graciana.store\/en\/wp-json\/wp\/v2\/comments?post=2414"}],"wp:featuredmedia":[{"embeddable":true,"href":"https:\/\/graciana.store\/en\/wp-json\/wp\/v2\/media\/2413"}],"wp:attachment":[{"href":"https:\/\/graciana.store\/en\/wp-json\/wp\/v2\/media?parent=2414"}],"wp:term":[{"taxonomy":"product_brand","embeddable":true,"href":"https:\/\/graciana.store\/en\/wp-json\/wp\/v2\/product_brand?post=2414"},{"taxonomy":"product_cat","embeddable":true,"href":"https:\/\/graciana.store\/en\/wp-json\/wp\/v2\/product_cat?post=2414"},{"taxonomy":"product_tag","embeddable":true,"href":"https:\/\/graciana.store\/en\/wp-json\/wp\/v2\/product_tag?post=2414"}],"curies":[{"name":"wp","href":"https:\/\/api.w.org\/{rel}","templated":true}]}}