{"id":2401,"date":"2026-03-04T16:22:11","date_gmt":"2026-03-04T15:22:11","guid":{"rendered":"https:\/\/graciana.store\/?post_type=product&#038;p=2401"},"modified":"2026-03-04T16:27:16","modified_gmt":"2026-03-04T15:27:16","slug":"bailarinas-blancas-mujer-cesena","status":"publish","type":"product","link":"https:\/\/graciana.store\/es\/shop\/bailarinas-blancas-mujer-cesena\/","title":{"rendered":"Cesena"},"content":{"rendered":"<h2 data-start=\"1544\" data-end=\"1578\">Bailarinas Blancas Mujer Cesena<\/h2>\n<p data-start=\"1580\" data-end=\"1805\">Las <strong data-start=\"1584\" data-end=\"1636\">bailarinas blancas mujer Cesena de Graciana<\/strong> destacan por su dise\u00f1o minimalista y sofisticado. Inspiradas en el cl\u00e1sico estilo <strong data-start=\"1719\" data-end=\"1732\">Mary Jane<\/strong>, estas bailarinas combinan elegancia atemporal con una est\u00e9tica moderna.<\/p>\n<p data-start=\"1807\" data-end=\"1963\">Su acabado en piel suave y su cierre con hebilla aportan un toque distintivo que eleva cualquier look, desde estilos casuales hasta conjuntos m\u00e1s elegantes.<\/p>\n<p data-start=\"1965\" data-end=\"2092\">Gracias a su dise\u00f1o ergon\u00f3mico y su suela flexible, las bailarinas Cesena ofrecen una comodidad excepcional para el uso <a href=\"https:\/\/graciana.store\/es\/shop\/\">diario<\/a>.<\/p>\n<h2 data-start=\"2099\" data-end=\"2134\">Dise\u00f1o Minimalista y Sofisticado<\/h2>\n<p data-start=\"2136\" data-end=\"2338\">El color blanco aporta una est\u00e9tica limpia y vers\u00e1til que combina f\u00e1cilmente con diferentes estilos. Estas bailarinas son ideales para mujeres que buscan un calzado elegante, c\u00f3modo y f\u00e1cil de combinar.<\/p>\n<h2 data-start=\"2345\" data-end=\"2363\">Caracter\u00edsticas<\/h2>\n<ul data-start=\"2365\" data-end=\"2513\">\n<li data-start=\"2365\" data-end=\"2399\">\n<p data-start=\"2367\" data-end=\"2399\">Dise\u00f1o <strong data-start=\"2374\" data-end=\"2399\">Mary Jane con hebilla<\/strong><\/p>\n<\/li>\n<li data-start=\"2400\" data-end=\"2431\">\n<p data-start=\"2402\" data-end=\"2431\">Estilo elegante y minimalista<\/p>\n<\/li>\n<li data-start=\"2432\" data-end=\"2457\">\n<p data-start=\"2434\" data-end=\"2457\">Suela ligera y flexible<\/p>\n<\/li>\n<li data-start=\"2458\" data-end=\"2485\">\n<p data-start=\"2460\" data-end=\"2485\">Perfectas para uso diario<\/p>\n<\/li>\n<li data-start=\"2486\" data-end=\"2513\">\n<p data-start=\"2488\" data-end=\"2513\">Dise\u00f1o moderno y vers\u00e1til<\/p>\n<\/li>\n<\/ul>\n<p>&nbsp;<\/p>\n<h2 data-start=\"2520\" data-end=\"2539\">Especificaciones<\/h2>\n<ul>\n<li data-start=\"2541\" data-end=\"2690\">Color: Blanco<\/li>\n<li data-start=\"2541\" data-end=\"2690\">Material exterior: Piel natural<\/li>\n<li data-start=\"2541\" data-end=\"2690\">Material interior: Piel natural<\/li>\n<li data-start=\"2541\" data-end=\"2690\">Tallas disponibles: 37, 38, 39, 40, 41<\/li>\n<li data-start=\"2541\" data-end=\"2690\">Altura del tac\u00f3n: 1\u20132 cm<\/li>\n<\/ul>","protected":false},"excerpt":{"rendered":"<p>Las bailarinas blancas Cesena combinan elegancia minimalista y comodidad. Su dise\u00f1o con hebilla tipo Mary Jane y acabado en piel premium las convierte en el calzado perfecto para un estilo moderno y sofisticado.<\/p>","protected":false},"featured_media":2402,"comment_status":"open","ping_status":"closed","template":"","meta":[],"product_brand":[],"product_cat":[19,18],"product_tag":[],"class_list":{"0":"post-2401","1":"product","2":"type-product","3":"status-publish","4":"has-post-thumbnail","6":"product_cat-new_arrivals","7":"product_cat-women","8":"pa_color-brown","9":"pa_color-white","10":"pa_size-120","11":"pa_size-121","12":"pa_size-122","13":"pa_size-123","14":"pa_size-124","15":"pa_type_-sandals","17":"first","18":"instock","19":"shipping-taxable","20":"purchasable","21":"product-type-variable"},"_links":{"self":[{"href":"https:\/\/graciana.store\/es\/wp-json\/wp\/v2\/product\/2401","targetHints":{"allow":["GET"]}}],"collection":[{"href":"https:\/\/graciana.store\/es\/wp-json\/wp\/v2\/product"}],"about":[{"href":"https:\/\/graciana.store\/es\/wp-json\/wp\/v2\/types\/product"}],"replies":[{"embeddable":true,"href":"https:\/\/graciana.store\/es\/wp-json\/wp\/v2\/comments?post=2401"}],"wp:featuredmedia":[{"embeddable":true,"href":"https:\/\/graciana.store\/es\/wp-json\/wp\/v2\/media\/2402"}],"wp:attachment":[{"href":"https:\/\/graciana.store\/es\/wp-json\/wp\/v2\/media?parent=2401"}],"wp:term":[{"taxonomy":"product_brand","embeddable":true,"href":"https:\/\/graciana.store\/es\/wp-json\/wp\/v2\/product_brand?post=2401"},{"taxonomy":"product_cat","embeddable":true,"href":"https:\/\/graciana.store\/es\/wp-json\/wp\/v2\/product_cat?post=2401"},{"taxonomy":"product_tag","embeddable":true,"href":"https:\/\/graciana.store\/es\/wp-json\/wp\/v2\/product_tag?post=2401"}],"curies":[{"name":"wp","href":"https:\/\/api.w.org\/{rel}","templated":true}]}}