{"id":2460,"date":"2026-03-04T18:11:05","date_gmt":"2026-03-04T17:11:05","guid":{"rendered":"https:\/\/graciana.store\/?post_type=product&#038;p=2460"},"modified":"2026-03-05T19:05:24","modified_gmt":"2026-03-05T18:05:24","slug":"zapatos-ante-beige-tacon-bajo-evry","status":"publish","type":"product","link":"https:\/\/graciana.store\/es\/shop\/zapatos-ante-beige-tacon-bajo-evry\/","title":{"rendered":"Evry"},"content":{"rendered":"<h2 data-start=\"1487\" data-end=\"1527\">Zapatos de Ante Beige Tac\u00f3n Bajo Mujer Evry<\/h2>\n<p data-start=\"1529\" data-end=\"1736\">Los <strong data-start=\"1451\" data-end=\"1504\">zapatos Evry de ante beige para mujer de Graciana<\/strong>\u00a0destacan por su dise\u00f1o elegante y minimalista. Con un sofisticado <strong data-start=\"1647\" data-end=\"1678\">tac\u00f3n bajo tipo kitten heel<\/strong>, ofrecen el equilibrio perfecto entre estilo y comodidad.<\/p>\n<p data-start=\"1738\" data-end=\"1866\">Fabricados en <strong data-start=\"1686\" data-end=\"1710\">ante de alta calidad<\/strong>, estos zapatos proporcionan una textura suave y un acabado refinado que aporta elegancia a cualquier outfit.<\/p>\n<p data-start=\"1868\" data-end=\"2007\">Su dise\u00f1o de punta estilizada aporta un toque moderno que combina f\u00e1cilmente con looks formales, outfits de oficina o estilos m\u00e1s casuales.<\/p>\n<h2 data-start=\"2014\" data-end=\"2044\">Dise\u00f1o Elegante y Atemporal<\/h2>\n<p data-start=\"2046\" data-end=\"2229\">El color blanco aporta una est\u00e9tica limpia y sofisticada que se adapta a cualquier estilo. Los zapatos Evry son ideales para mujeres que buscan un calzado elegante, c\u00f3modo y <a href=\"https:\/\/graciana.store\/es\/shop\/\">vers\u00e1til<\/a>.<\/p>\n<h2 data-start=\"2241\" data-end=\"2259\">Caracter\u00edsticas<\/h2>\n<ul data-start=\"2261\" data-end=\"2440\">\n<li data-start=\"2261\" data-end=\"2305\">\n<p data-start=\"2263\" data-end=\"2305\">Tac\u00f3n bajo elegante tipo <strong data-start=\"2288\" data-end=\"2303\">kitten heel<\/strong><\/p>\n<\/li>\n<li data-start=\"2306\" data-end=\"2342\">\n<p data-start=\"2308\" data-end=\"2342\">Dise\u00f1o minimalista y sofisticado<\/p>\n<\/li>\n<li data-start=\"2343\" data-end=\"2373\">\n<p data-start=\"2345\" data-end=\"2373\">Ante suave de alta calidad<\/p>\n<\/li>\n<li data-start=\"2374\" data-end=\"2402\">\n<p data-start=\"2376\" data-end=\"2402\">Interior en piel natural<\/p>\n<\/li>\n<li data-start=\"2403\" data-end=\"2440\">\n<p data-start=\"2405\" data-end=\"2440\">Perfectos para uso diario o eventos<\/p>\n<\/li>\n<\/ul>\n<p>&nbsp;<\/p>\n<h2 data-start=\"2426\" data-end=\"2445\">Especificaciones<\/h2>\n<ul>\n<li data-start=\"2447\" data-end=\"2594\">Color: Beige<\/li>\n<li data-start=\"2447\" data-end=\"2594\">Material exterior: Ante (piel vuelta)<\/li>\n<li data-start=\"2447\" data-end=\"2594\">Material interior: Piel natural<\/li>\n<li data-start=\"2447\" data-end=\"2594\">Tallas disponibles: 36, 37, 38, 39, 40<\/li>\n<li data-start=\"2447\" data-end=\"2594\">Altura del tac\u00f3n: 4 cm<\/li>\n<\/ul>","protected":false},"excerpt":{"rendered":"<p>Los zapatos Evry de ante beige combinan elegancia minimalista y comodidad con un sofisticado tac\u00f3n bajo tipo kitten heel. Fabricados en piel de ante suave para un estilo moderno y refinado.de Ante Beige<\/p>","protected":false},"featured_media":2443,"comment_status":"open","ping_status":"closed","template":"","meta":[],"product_brand":[],"product_cat":[19,18],"product_tag":[],"class_list":{"0":"post-2460","1":"product","2":"type-product","3":"status-publish","4":"has-post-thumbnail","6":"product_cat-new_arrivals","7":"product_cat-women","8":"pa_color-beige","9":"pa_color-white","10":"pa_color-yellow","11":"pa_size-120","12":"pa_size-121","13":"pa_size-122","14":"pa_size-123","15":"pa_size-124","16":"pa_type_-heels","18":"first","19":"instock","20":"shipping-taxable","21":"purchasable","22":"product-type-variable"},"_links":{"self":[{"href":"https:\/\/graciana.store\/es\/wp-json\/wp\/v2\/product\/2460","targetHints":{"allow":["GET"]}}],"collection":[{"href":"https:\/\/graciana.store\/es\/wp-json\/wp\/v2\/product"}],"about":[{"href":"https:\/\/graciana.store\/es\/wp-json\/wp\/v2\/types\/product"}],"replies":[{"embeddable":true,"href":"https:\/\/graciana.store\/es\/wp-json\/wp\/v2\/comments?post=2460"}],"wp:featuredmedia":[{"embeddable":true,"href":"https:\/\/graciana.store\/es\/wp-json\/wp\/v2\/media\/2443"}],"wp:attachment":[{"href":"https:\/\/graciana.store\/es\/wp-json\/wp\/v2\/media?parent=2460"}],"wp:term":[{"taxonomy":"product_brand","embeddable":true,"href":"https:\/\/graciana.store\/es\/wp-json\/wp\/v2\/product_brand?post=2460"},{"taxonomy":"product_cat","embeddable":true,"href":"https:\/\/graciana.store\/es\/wp-json\/wp\/v2\/product_cat?post=2460"},{"taxonomy":"product_tag","embeddable":true,"href":"https:\/\/graciana.store\/es\/wp-json\/wp\/v2\/product_tag?post=2460"}],"curies":[{"name":"wp","href":"https:\/\/api.w.org\/{rel}","templated":true}]}}